{"id":344390,"date":"2026-01-04T12:54:02","date_gmt":"2026-01-04T15:54:02","guid":{"rendered":"https:\/\/harald.com.br\/about-harald\/industrial-structure\/"},"modified":"2026-05-07T18:09:19","modified_gmt":"2026-05-07T21:09:19","slug":"industrial-structure","status":"publish","type":"page","link":"https:\/\/harald.com.br\/en\/about-harald\/industrial-structure\/","title":{"rendered":"Industrial Structure"},"content":{"rendered":"\n<p>The Fuji Oil Co. is a Japanese multinational company founded in 1950 that provides food solutions in the segments of vegetable oils and fats, chocolates, emulsified and fermented ingredients, and soy-based ingredients<\/p>\n\n<p>\u201cHeadquartered in Osaka, Japan, the company is made up of 34 businesses operating in 14 countries, with a strong presence in Asia, Europe, and the Americas, and more than 5,600 employees worldwide.<\/p>\n\n<p>Based on its management philosophy, Fuji Oil Co. adopts ESG-driven practices with the goal of achieving increasingly sustainable businesses and promoting sustainable growth through plant-based food solutions, while incorporating the concept of Creating Shared Value (CSV) \u2014 the joint creation of economic and social value.<\/p>\n\n<p>To learn more about Fuji Oil Co access: https:\/\/www.fujioil.co.jp\/en\/<\/p>\n\n<p>To learn more about Fuji Oil Co.\u2019s governance, visit the guide:&#13;\n&#13;\nhttps:\/\/www.fujioil.co.jp\/pdf\/en\/ir\/policies_and_systems\/governance\/guidelines.pdf<\/p>\n\n<div class=\"wp-block-columns is-layout-flex wp-container-core-columns-is-layout-28f84493 wp-block-columns-is-layout-flex\">\n<div class=\"wp-block-column is-layout-flow wp-block-column-is-layout-flow\"><div class=\"expansible-card\" aria-expanded=\"false\">\n\t<div class=\"card-background\" style=\"background-image: url('https:\/\/harald.com.br\/site-2026\/wp-content\/uploads\/2026\/01\/compromisso-grupo-fuji-oil.webp')\"><\/div>\n\t<h3 class=\"card-title\">Miss\u00e3o<\/h3>\n\t<div class=\"card-text\" aria-hidden=\"true\"><p>A Fuji Oil Co. busca desenvolver o potencial dos ingredientes aliment\u00edcios, contribuindo com a felicidade e o bem-estar das pessoas, oferecendo alimentos deliciosos e saud\u00e1veis.<\/p>\n<\/div>\n\t<button class=\"card-read-more\"><span>Ler mais<\/span><\/button>\n<\/div>\n<\/div>\n\n\n\n<div class=\"wp-block-column is-layout-flow wp-block-column-is-layout-flow\"><div class=\"expansible-card\" aria-expanded=\"false\">\n\t<div class=\"card-background\" style=\"background-image: url('https:\/\/harald.com.br\/site-2026\/wp-content\/uploads\/2026\/01\/harald-industrial-structure-vision.webp')\"><\/div>\n\t<h3 class=\"card-title\">Vis\u00e3o<\/h3>\n\t<div class=\"card-text\" aria-hidden=\"true\"><p>Juntamente com as partes interessadas, criaremos um futuro alimentar sustent\u00e1vel a partir de ingredientes deliciosos e saud\u00e1veis \u00e0 base de plantas.<\/p>\n<\/div>\n\t<button class=\"card-read-more\"><span>Ler mais<\/span><\/button>\n<\/div>\n<\/div>\n\n\n\n<div class=\"wp-block-column is-layout-flow wp-block-column-is-layout-flow\"><div class=\"expansible-card\" aria-expanded=\"false\">\n\t<div class=\"card-background\" style=\"background-image: url('https:\/\/harald.com.br\/site-2026\/wp-content\/uploads\/2026\/01\/harald-industrial-structure-values.webp')\"><\/div>\n\t<h3 class=\"card-title\">Valores<\/h3>\n\t<div class=\"card-text\" aria-hidden=\"true\"><p>&#8211; Seguran\u00e7a, qualidade e meio ambiente<\/p>\n<p>&#8211; Trabalho dedicado as pessoas<\/p>\n<p>&#8211; Desafios e inova\u00e7\u00e3o<\/p>\n<p>-Velocidade e percep\u00e7\u00e3o do momento<\/p>\n<\/div>\n\t<button class=\"card-read-more\"><span>Ler mais<\/span><\/button>\n<\/div>\n<\/div>\n<\/div>\n\n<p><\/p>\n","protected":false},"excerpt":{"rendered":"<p>The Fuji Oil Co. is a Japanese multinational company founded in 1950 that provides food solutions in the segments of vegetable oils and fats, chocolates, emulsified and fermented ingredients, and soy-based ingredients \u201cHeadquartered in Osaka, Japan, the company is made up of 34 businesses operating in 14 countries, with a strong presence in Asia, Europe, <a class=\"more-link\" href=\"https:\/\/harald.com.br\/en\/about-harald\/industrial-structure\/\">Read more&#8230;<\/a><\/p>\n","protected":false},"author":9,"featured_media":0,"parent":35828,"menu_order":0,"comment_status":"closed","ping_status":"closed","template":"","meta":{"_acf_changed":false,"_uag_custom_page_level_css":"","footnotes":""},"class_list":["post-344390","page","type-page","status-publish","hentry"],"acf":[],"yoast_head":"<!-- This site is optimized with the Yoast SEO plugin v26.3 - https:\/\/yoast.com\/wordpress\/plugins\/seo\/ -->\n<title>Industrial Structure - Harald<\/title>\n<meta name=\"robots\" content=\"index, follow, max-snippet:-1, max-image-preview:large, max-video-preview:-1\" \/>\n<link rel=\"canonical\" href=\"https:\/\/harald.com.br\/en\/about-harald\/industrial-structure\/\" \/>\n<meta property=\"og:locale\" content=\"en_US\" \/>\n<meta property=\"og:type\" content=\"article\" \/>\n<meta property=\"og:title\" content=\"Industrial Structure - Harald\" \/>\n<meta property=\"og:description\" content=\"The Fuji Oil Co. is a Japanese multinational company founded in 1950 that provides food solutions in the segments of vegetable oils and fats, chocolates, emulsified and fermented ingredients, and soy-based ingredients \u201cHeadquartered in Osaka, Japan, the company is made up of 34 businesses operating in 14 countries, with a strong presence in Asia, Europe, Read more...\" \/>\n<meta property=\"og:url\" content=\"https:\/\/harald.com.br\/en\/about-harald\/industrial-structure\/\" \/>\n<meta property=\"og:site_name\" content=\"Harald\" \/>\n<meta property=\"article:publisher\" content=\"https:\/\/www.facebook.com\/HaraldChocolates\/\" \/>\n<meta property=\"article:modified_time\" content=\"2026-05-07T21:09:19+00:00\" \/>\n<meta property=\"og:image\" content=\"https:\/\/harald.com.br\/site-2026\/wp-content\/uploads\/2022\/07\/banner-bg-12-m.png\" \/>\n\t<meta property=\"og:image:width\" content=\"1000\" \/>\n\t<meta property=\"og:image:height\" content=\"666\" \/>\n\t<meta property=\"og:image:type\" content=\"image\/png\" \/>\n<meta name=\"twitter:card\" content=\"summary_large_image\" \/>\n<meta name=\"twitter:label1\" content=\"Est. reading time\" \/>\n\t<meta name=\"twitter:data1\" content=\"1 minute\" \/>\n<script type=\"application\/ld+json\" class=\"yoast-schema-graph\">{\"@context\":\"https:\/\/schema.org\",\"@graph\":[{\"@type\":\"WebPage\",\"@id\":\"https:\/\/harald.com.br\/en\/about-harald\/industrial-structure\/\",\"url\":\"https:\/\/harald.com.br\/en\/about-harald\/industrial-structure\/\",\"name\":\"Industrial Structure - Harald\",\"isPartOf\":{\"@id\":\"https:\/\/harald.com.br\/#website\"},\"datePublished\":\"2026-01-04T15:54:02+00:00\",\"dateModified\":\"2026-05-07T21:09:19+00:00\",\"breadcrumb\":{\"@id\":\"https:\/\/harald.com.br\/en\/about-harald\/industrial-structure\/#breadcrumb\"},\"inLanguage\":\"en-US\",\"potentialAction\":[{\"@type\":\"ReadAction\",\"target\":[\"https:\/\/harald.com.br\/en\/about-harald\/industrial-structure\/\"]}]},{\"@type\":\"BreadcrumbList\",\"@id\":\"https:\/\/harald.com.br\/en\/about-harald\/industrial-structure\/#breadcrumb\",\"itemListElement\":[{\"@type\":\"ListItem\",\"position\":1,\"name\":\"In\u00edcio\",\"item\":\"https:\/\/harald.com.br\/en\/\"},{\"@type\":\"ListItem\",\"position\":2,\"name\":\"About Harald\",\"item\":\"https:\/\/harald.com.br\/en\/about-harald\/\"},{\"@type\":\"ListItem\",\"position\":3,\"name\":\"Industrial Structure\"}]},{\"@type\":\"WebSite\",\"@id\":\"https:\/\/harald.com.br\/#website\",\"url\":\"https:\/\/harald.com.br\/\",\"name\":\"Harald\",\"description\":\"Fazer melhor \u00e9 fazer com paix\u00e3o\",\"publisher\":{\"@id\":\"https:\/\/harald.com.br\/#organization\"},\"potentialAction\":[{\"@type\":\"SearchAction\",\"target\":{\"@type\":\"EntryPoint\",\"urlTemplate\":\"https:\/\/harald.com.br\/?s={search_term_string}\"},\"query-input\":{\"@type\":\"PropertyValueSpecification\",\"valueRequired\":true,\"valueName\":\"search_term_string\"}}],\"inLanguage\":\"en-US\"},{\"@type\":\"Organization\",\"@id\":\"https:\/\/harald.com.br\/#organization\",\"name\":\"Harald\",\"url\":\"https:\/\/harald.com.br\/\",\"logo\":{\"@type\":\"ImageObject\",\"inLanguage\":\"en-US\",\"@id\":\"https:\/\/harald.com.br\/#\/schema\/logo\/image\/\",\"url\":\"https:\/\/harald.com.br\/site-2026\/wp-content\/uploads\/2022\/09\/logo-harald-cmyk-ss.png\",\"contentUrl\":\"https:\/\/harald.com.br\/site-2026\/wp-content\/uploads\/2022\/09\/logo-harald-cmyk-ss.png\",\"width\":1948,\"height\":1051,\"caption\":\"Harald\"},\"image\":{\"@id\":\"https:\/\/harald.com.br\/#\/schema\/logo\/image\/\"},\"sameAs\":[\"https:\/\/www.facebook.com\/HaraldChocolates\/\",\"https:\/\/www.youtube.com\/user\/HaraldChocolates\"]}]}<\/script>\n<!-- \/ Yoast SEO plugin. -->","yoast_head_json":{"title":"Industrial Structure - Harald","robots":{"index":"index","follow":"follow","max-snippet":"max-snippet:-1","max-image-preview":"max-image-preview:large","max-video-preview":"max-video-preview:-1"},"canonical":"https:\/\/harald.com.br\/en\/about-harald\/industrial-structure\/","og_locale":"en_US","og_type":"article","og_title":"Industrial Structure - Harald","og_description":"The Fuji Oil Co. is a Japanese multinational company founded in 1950 that provides food solutions in the segments of vegetable oils and fats, chocolates, emulsified and fermented ingredients, and soy-based ingredients \u201cHeadquartered in Osaka, Japan, the company is made up of 34 businesses operating in 14 countries, with a strong presence in Asia, Europe, Read more...","og_url":"https:\/\/harald.com.br\/en\/about-harald\/industrial-structure\/","og_site_name":"Harald","article_publisher":"https:\/\/www.facebook.com\/HaraldChocolates\/","article_modified_time":"2026-05-07T21:09:19+00:00","og_image":[{"width":1000,"height":666,"url":"https:\/\/harald.com.br\/site-2026\/wp-content\/uploads\/2022\/07\/banner-bg-12-m.png","type":"image\/png"}],"twitter_card":"summary_large_image","twitter_misc":{"Est. reading time":"1 minute"},"schema":{"@context":"https:\/\/schema.org","@graph":[{"@type":"WebPage","@id":"https:\/\/harald.com.br\/en\/about-harald\/industrial-structure\/","url":"https:\/\/harald.com.br\/en\/about-harald\/industrial-structure\/","name":"Industrial Structure - Harald","isPartOf":{"@id":"https:\/\/harald.com.br\/#website"},"datePublished":"2026-01-04T15:54:02+00:00","dateModified":"2026-05-07T21:09:19+00:00","breadcrumb":{"@id":"https:\/\/harald.com.br\/en\/about-harald\/industrial-structure\/#breadcrumb"},"inLanguage":"en-US","potentialAction":[{"@type":"ReadAction","target":["https:\/\/harald.com.br\/en\/about-harald\/industrial-structure\/"]}]},{"@type":"BreadcrumbList","@id":"https:\/\/harald.com.br\/en\/about-harald\/industrial-structure\/#breadcrumb","itemListElement":[{"@type":"ListItem","position":1,"name":"In\u00edcio","item":"https:\/\/harald.com.br\/en\/"},{"@type":"ListItem","position":2,"name":"About Harald","item":"https:\/\/harald.com.br\/en\/about-harald\/"},{"@type":"ListItem","position":3,"name":"Industrial Structure"}]},{"@type":"WebSite","@id":"https:\/\/harald.com.br\/#website","url":"https:\/\/harald.com.br\/","name":"Harald","description":"Fazer melhor \u00e9 fazer com paix\u00e3o","publisher":{"@id":"https:\/\/harald.com.br\/#organization"},"potentialAction":[{"@type":"SearchAction","target":{"@type":"EntryPoint","urlTemplate":"https:\/\/harald.com.br\/?s={search_term_string}"},"query-input":{"@type":"PropertyValueSpecification","valueRequired":true,"valueName":"search_term_string"}}],"inLanguage":"en-US"},{"@type":"Organization","@id":"https:\/\/harald.com.br\/#organization","name":"Harald","url":"https:\/\/harald.com.br\/","logo":{"@type":"ImageObject","inLanguage":"en-US","@id":"https:\/\/harald.com.br\/#\/schema\/logo\/image\/","url":"https:\/\/harald.com.br\/site-2026\/wp-content\/uploads\/2022\/09\/logo-harald-cmyk-ss.png","contentUrl":"https:\/\/harald.com.br\/site-2026\/wp-content\/uploads\/2022\/09\/logo-harald-cmyk-ss.png","width":1948,"height":1051,"caption":"Harald"},"image":{"@id":"https:\/\/harald.com.br\/#\/schema\/logo\/image\/"},"sameAs":["https:\/\/www.facebook.com\/HaraldChocolates\/","https:\/\/www.youtube.com\/user\/HaraldChocolates"]}]}},"uagb_featured_image_src":{"full":false,"thumbnail":false,"medium":false,"medium_large":false,"large":false,"1536x1536":false,"2048x2048":false,"full-width":false,"gform-image-choice-sm":false,"gform-image-choice-md":false,"gform-image-choice-lg":false},"uagb_author_info":{"display_name":"CROWD","author_link":"https:\/\/harald.com.br\/en\/blog\/author\/crowd\/"},"uagb_comment_info":0,"uagb_excerpt":"The Fuji Oil Co. is a Japanese multinational company founded in 1950 that provides food solutions in the segments of vegetable oils and fats, chocolates, emulsified and fermented ingredients, and soy-based ingredients \u201cHeadquartered in Osaka, Japan, the company is made up of 34 businesses operating in 14 countries, with a strong presence in Asia, Europe,&hellip;","_links":{"self":[{"href":"https:\/\/harald.com.br\/en\/wp-json\/wp\/v2\/pages\/344390","targetHints":{"allow":["GET"]}}],"collection":[{"href":"https:\/\/harald.com.br\/en\/wp-json\/wp\/v2\/pages"}],"about":[{"href":"https:\/\/harald.com.br\/en\/wp-json\/wp\/v2\/types\/page"}],"author":[{"embeddable":true,"href":"https:\/\/harald.com.br\/en\/wp-json\/wp\/v2\/users\/9"}],"replies":[{"embeddable":true,"href":"https:\/\/harald.com.br\/en\/wp-json\/wp\/v2\/comments?post=344390"}],"version-history":[{"count":1,"href":"https:\/\/harald.com.br\/en\/wp-json\/wp\/v2\/pages\/344390\/revisions"}],"predecessor-version":[{"id":344391,"href":"https:\/\/harald.com.br\/en\/wp-json\/wp\/v2\/pages\/344390\/revisions\/344391"}],"up":[{"embeddable":true,"href":"https:\/\/harald.com.br\/en\/wp-json\/wp\/v2\/pages\/35828"}],"wp:attachment":[{"href":"https:\/\/harald.com.br\/en\/wp-json\/wp\/v2\/media?parent=344390"}],"curies":[{"name":"wp","href":"https:\/\/api.w.org\/{rel}","templated":true}]}}