{"id":344410,"date":"2025-12-30T17:18:46","date_gmt":"2025-12-30T20:18:46","guid":{"rendered":"https:\/\/harald.com.br\/sobre-harald\/certificaciones\/"},"modified":"2026-05-07T18:40:16","modified_gmt":"2026-05-07T21:40:16","slug":"certificaciones","status":"publish","type":"page","link":"https:\/\/harald.com.br\/es\/sobre-harald\/certificaciones\/","title":{"rendered":"Certificaciones"},"content":{"rendered":"\n<h2 class=\"wp-block-heading has-primary-color-color has-text-color has-link-color has-medium-font-size wp-elements-227ad71c1f9bbc7875f349e292a47edc\">Certificaciones de Sostenibilidad y Trazabilidad<\/h2>\n\n<p>Harald cuenta con algunas de las certificaciones m\u00e1s relevantes e importantes de la industria, como Rainforest Alliance y RSPO (Roundtable on Sustainable Palm Oil), reforzando nuestro compromiso con la sostenibilidad en todas las etapas de nuestra cadena de suministro<\/p>\n\n<p><\/p>\n\n<h2 class=\"wp-block-heading has-primary-color-color has-text-color has-link-color has-medium-font-size wp-elements-c57a06932f94c5c51fae88af35028609\">Certificaci\u00f3n Rainforest Alliance<\/h2>\n\n<p>La certificaci\u00f3n Rainforest Alliance es un sello de aprobaci\u00f3n para pr\u00e1cticas agr\u00edcolas sostenibles que benefician tanto a los agricultores como al medio ambiente. Con esta certificaci\u00f3n, garantizamos que nuestros productos agr\u00edcolas sean cultivados y cosechados de acuerdo con estrictos est\u00e1ndares sociales, econ\u00f3micos y ambientales. Esto incluye la preservaci\u00f3n del ecosistema, la protecci\u00f3n de la vida silvestre y la provisi\u00f3n de condiciones de trabajo justas y seguras para los trabajadores. Al elegir productos certificados por Rainforest Alliance, nuestros clientes tienen la seguridad de apoyar una agricultura responsable y sostenible.<\/p>\n\n<p>\u201cConozca m\u00e1s sobre la certificaci\u00f3n haciendo <a href=\"https:\/\/www.rainforest-alliance.org\/pt-br\/\"><strong>clic aqu\u00ed<\/strong><\/a><\/p>\n\n<p><\/p>\n\n<h2 class=\"wp-block-heading has-primary-color-color has-text-color has-link-color has-medium-font-size wp-elements-de5180dd04e8b87604c529e432e01a9e\">Certificaci\u00f3n RSPO<\/h2>\n\n<p>La certificaci\u00f3n RSPO forma parte del Sistema de Gesti\u00f3n de Abastecimiento Sostenible de Harald, alineado con la planificaci\u00f3n estrat\u00e9gica y la filosof\u00eda del Grupo Fuji Oil. La adquisici\u00f3n de grasas derivadas de aceite de palma y\/o palmiste certificados est\u00e1 vinculada al compromiso de la compa\u00f1\u00eda con las pr\u00e1cticas ESG, promoviendo impactos positivos relacionados con las buenas pr\u00e1cticas ambientales, la salud de las comunidades, la trazabilidad del origen y la sostenibilidad econ\u00f3mica de la cadena<\/p>\n\n<p>ctualmente, Harald pasa a ser una operaci\u00f3n multi-site, con la inclusi\u00f3n de la planta Mundo en la certificaci\u00f3n. Con ello, ambas unidades est\u00e1n aptas para producir productos certificados por RSPO<\/p>\n\n<p>Este avance genera impactos positivos que van desde el fortalecimiento de la reputaci\u00f3n de la marca hasta mejoras en la eficiencia operativa y la ampliaci\u00f3n del acceso a mercados m\u00e1s exigentes<\/p>\n\n<p>Conozca m\u00e1s sobre la certificaci\u00f3n, <a href=\"https:\/\/rspo.org\/pt\/\"><strong>clic aqu\u00ed<\/strong><\/a>.<\/p>\n\n<p>Aqu\u00ed hay energ\u00eda renovable<\/p>\n\n<p>El sello certifica el uso de energ\u00eda el\u00e9ctrica proveniente de fuentes renovables en las operaciones de Harald, reforzando el compromiso de la compa\u00f1\u00eda con pr\u00e1cticas m\u00e1s sostenibles<\/p>\n\n<p>a certificaci\u00f3n corresponde al a\u00f1o 2025 y evidencia la adopci\u00f3n de soluciones que contribuyen a la reducci\u00f3n de impactos ambientales y a una operaci\u00f3n m\u00e1s eficiente y responsable, logrando cero emisiones de carbono en 2025<\/p>\n\n<p>Al utilizar energ\u00eda proveniente de fuentes renovables, Harald avanza en su camino hacia la sostenibilidad, alineando sus pr\u00e1cticas con las demandas actuales del mercado y las expectativas de clientes y socios<\/p>\n\n<p><\/p>\n\n<h2 class=\"wp-block-heading has-primary-color-color has-text-color has-link-color has-medium-font-size wp-elements-28c973db2b5ff0c1b556391118d517a1\">\u201cCompromiso con el futuro<\/h2>\n\n<p>En Harald, estamos comprometidos con promover la sostenibilidad en todas nuestras operaciones, y estas certificaciones son una parte integral de nuestros esfuerzos para proteger el planeta y garantizar un futuro mejor para todos<\/p>\n\n<p>Al elegir productos certificados por Rainforest Alliance y RSPO, usted est\u00e1 tomando una decisi\u00f3n consciente y apoyando pr\u00e1cticas agr\u00edcolas responsables y sostenibles. \u00danase a nosotros en este compromiso con el planeta y las personas.<\/p>\n\n<p><\/p>\n","protected":false},"excerpt":{"rendered":"<p>Certificaciones de Sostenibilidad y Trazabilidad Harald cuenta con algunas de las certificaciones m\u00e1s relevantes e importantes de la industria, como Rainforest Alliance y RSPO (Roundtable on Sustainable Palm Oil), reforzando nuestro compromiso con la sostenibilidad en todas las etapas de nuestra cadena de suministro Certificaci\u00f3n Rainforest Alliance La certificaci\u00f3n Rainforest Alliance es un sello de <a class=\"more-link\" href=\"https:\/\/harald.com.br\/es\/sobre-harald\/certificaciones\/\">Read more&#8230;<\/a><\/p>\n","protected":false},"author":9,"featured_media":320118,"parent":35829,"menu_order":0,"comment_status":"closed","ping_status":"closed","template":"","meta":{"_acf_changed":false,"_uag_custom_page_level_css":"","footnotes":""},"class_list":["post-344410","page","type-page","status-publish","has-post-thumbnail","hentry"],"acf":[],"yoast_head":"<!-- This site is optimized with the Yoast SEO plugin v26.3 - https:\/\/yoast.com\/wordpress\/plugins\/seo\/ -->\n<title>Certificaciones - Harald<\/title>\n<meta name=\"robots\" content=\"index, follow, max-snippet:-1, max-image-preview:large, max-video-preview:-1\" \/>\n<link rel=\"canonical\" href=\"https:\/\/harald.com.br\/es\/sobre-harald\/certificaciones\/\" \/>\n<meta property=\"og:locale\" content=\"es_ES\" \/>\n<meta property=\"og:type\" content=\"article\" \/>\n<meta property=\"og:title\" content=\"Certificaciones - Harald\" \/>\n<meta property=\"og:description\" content=\"Certificaciones de Sostenibilidad y Trazabilidad Harald cuenta con algunas de las certificaciones m\u00e1s relevantes e importantes de la industria, como Rainforest Alliance y RSPO (Roundtable on Sustainable Palm Oil), reforzando nuestro compromiso con la sostenibilidad en todas las etapas de nuestra cadena de suministro Certificaci\u00f3n Rainforest Alliance La certificaci\u00f3n Rainforest Alliance es un sello de Read more...\" \/>\n<meta property=\"og:url\" content=\"https:\/\/harald.com.br\/es\/sobre-harald\/certificaciones\/\" \/>\n<meta property=\"og:site_name\" content=\"Harald\" \/>\n<meta property=\"article:publisher\" content=\"https:\/\/www.facebook.com\/HaraldChocolates\/\" \/>\n<meta property=\"article:modified_time\" content=\"2026-05-07T21:40:16+00:00\" \/>\n<meta property=\"og:image\" content=\"https:\/\/harald.com.br\/site-2026\/wp-content\/uploads\/2025\/07\/2025-17-07-14-47-33f4b6819a48d3e0a975c144e04f2c8474.png\" \/>\n\t<meta property=\"og:image:width\" content=\"960\" \/>\n\t<meta property=\"og:image:height\" content=\"540\" \/>\n\t<meta property=\"og:image:type\" content=\"image\/png\" \/>\n<meta name=\"twitter:card\" content=\"summary_large_image\" \/>\n<meta name=\"twitter:label1\" content=\"Tiempo de lectura\" \/>\n\t<meta name=\"twitter:data1\" content=\"3 minutos\" \/>\n<script type=\"application\/ld+json\" class=\"yoast-schema-graph\">{\"@context\":\"https:\/\/schema.org\",\"@graph\":[{\"@type\":\"WebPage\",\"@id\":\"https:\/\/harald.com.br\/es\/sobre-harald\/certificaciones\/\",\"url\":\"https:\/\/harald.com.br\/es\/sobre-harald\/certificaciones\/\",\"name\":\"Certificaciones - Harald\",\"isPartOf\":{\"@id\":\"https:\/\/harald.com.br\/#website\"},\"primaryImageOfPage\":{\"@id\":\"https:\/\/harald.com.br\/es\/sobre-harald\/certificaciones\/#primaryimage\"},\"image\":{\"@id\":\"https:\/\/harald.com.br\/es\/sobre-harald\/certificaciones\/#primaryimage\"},\"thumbnailUrl\":\"https:\/\/harald.com.br\/site-2026\/wp-content\/uploads\/2025\/07\/2025-17-07-14-47-33f4b6819a48d3e0a975c144e04f2c8474.png\",\"datePublished\":\"2025-12-30T20:18:46+00:00\",\"dateModified\":\"2026-05-07T21:40:16+00:00\",\"breadcrumb\":{\"@id\":\"https:\/\/harald.com.br\/es\/sobre-harald\/certificaciones\/#breadcrumb\"},\"inLanguage\":\"es\",\"potentialAction\":[{\"@type\":\"ReadAction\",\"target\":[\"https:\/\/harald.com.br\/es\/sobre-harald\/certificaciones\/\"]}]},{\"@type\":\"ImageObject\",\"inLanguage\":\"es\",\"@id\":\"https:\/\/harald.com.br\/es\/sobre-harald\/certificaciones\/#primaryimage\",\"url\":\"https:\/\/harald.com.br\/site-2026\/wp-content\/uploads\/2025\/07\/2025-17-07-14-47-33f4b6819a48d3e0a975c144e04f2c8474.png\",\"contentUrl\":\"https:\/\/harald.com.br\/site-2026\/wp-content\/uploads\/2025\/07\/2025-17-07-14-47-33f4b6819a48d3e0a975c144e04f2c8474.png\",\"width\":960,\"height\":540,\"caption\":\"Confeita Curitiba\"},{\"@type\":\"BreadcrumbList\",\"@id\":\"https:\/\/harald.com.br\/es\/sobre-harald\/certificaciones\/#breadcrumb\",\"itemListElement\":[{\"@type\":\"ListItem\",\"position\":1,\"name\":\"In\u00edcio\",\"item\":\"https:\/\/harald.com.br\/es\/inicio\/\"},{\"@type\":\"ListItem\",\"position\":2,\"name\":\"Sobre Harald\",\"item\":\"https:\/\/harald.com.br\/es\/sobre-harald\/\"},{\"@type\":\"ListItem\",\"position\":3,\"name\":\"Certificaciones\"}]},{\"@type\":\"WebSite\",\"@id\":\"https:\/\/harald.com.br\/#website\",\"url\":\"https:\/\/harald.com.br\/\",\"name\":\"Harald\",\"description\":\"Fazer melhor \u00e9 fazer com paix\u00e3o\",\"publisher\":{\"@id\":\"https:\/\/harald.com.br\/#organization\"},\"potentialAction\":[{\"@type\":\"SearchAction\",\"target\":{\"@type\":\"EntryPoint\",\"urlTemplate\":\"https:\/\/harald.com.br\/?s={search_term_string}\"},\"query-input\":{\"@type\":\"PropertyValueSpecification\",\"valueRequired\":true,\"valueName\":\"search_term_string\"}}],\"inLanguage\":\"es\"},{\"@type\":\"Organization\",\"@id\":\"https:\/\/harald.com.br\/#organization\",\"name\":\"Harald\",\"url\":\"https:\/\/harald.com.br\/\",\"logo\":{\"@type\":\"ImageObject\",\"inLanguage\":\"es\",\"@id\":\"https:\/\/harald.com.br\/#\/schema\/logo\/image\/\",\"url\":\"https:\/\/harald.com.br\/site-2026\/wp-content\/uploads\/2022\/09\/logo-harald-cmyk-ss.png\",\"contentUrl\":\"https:\/\/harald.com.br\/site-2026\/wp-content\/uploads\/2022\/09\/logo-harald-cmyk-ss.png\",\"width\":1948,\"height\":1051,\"caption\":\"Harald\"},\"image\":{\"@id\":\"https:\/\/harald.com.br\/#\/schema\/logo\/image\/\"},\"sameAs\":[\"https:\/\/www.facebook.com\/HaraldChocolates\/\",\"https:\/\/www.youtube.com\/user\/HaraldChocolates\"]}]}<\/script>\n<!-- \/ Yoast SEO plugin. -->","yoast_head_json":{"title":"Certificaciones - Harald","robots":{"index":"index","follow":"follow","max-snippet":"max-snippet:-1","max-image-preview":"max-image-preview:large","max-video-preview":"max-video-preview:-1"},"canonical":"https:\/\/harald.com.br\/es\/sobre-harald\/certificaciones\/","og_locale":"es_ES","og_type":"article","og_title":"Certificaciones - Harald","og_description":"Certificaciones de Sostenibilidad y Trazabilidad Harald cuenta con algunas de las certificaciones m\u00e1s relevantes e importantes de la industria, como Rainforest Alliance y RSPO (Roundtable on Sustainable Palm Oil), reforzando nuestro compromiso con la sostenibilidad en todas las etapas de nuestra cadena de suministro Certificaci\u00f3n Rainforest Alliance La certificaci\u00f3n Rainforest Alliance es un sello de Read more...","og_url":"https:\/\/harald.com.br\/es\/sobre-harald\/certificaciones\/","og_site_name":"Harald","article_publisher":"https:\/\/www.facebook.com\/HaraldChocolates\/","article_modified_time":"2026-05-07T21:40:16+00:00","og_image":[{"width":960,"height":540,"url":"https:\/\/harald.com.br\/site-2026\/wp-content\/uploads\/2025\/07\/2025-17-07-14-47-33f4b6819a48d3e0a975c144e04f2c8474.png","type":"image\/png"}],"twitter_card":"summary_large_image","twitter_misc":{"Tiempo de lectura":"3 minutos"},"schema":{"@context":"https:\/\/schema.org","@graph":[{"@type":"WebPage","@id":"https:\/\/harald.com.br\/es\/sobre-harald\/certificaciones\/","url":"https:\/\/harald.com.br\/es\/sobre-harald\/certificaciones\/","name":"Certificaciones - Harald","isPartOf":{"@id":"https:\/\/harald.com.br\/#website"},"primaryImageOfPage":{"@id":"https:\/\/harald.com.br\/es\/sobre-harald\/certificaciones\/#primaryimage"},"image":{"@id":"https:\/\/harald.com.br\/es\/sobre-harald\/certificaciones\/#primaryimage"},"thumbnailUrl":"https:\/\/harald.com.br\/site-2026\/wp-content\/uploads\/2025\/07\/2025-17-07-14-47-33f4b6819a48d3e0a975c144e04f2c8474.png","datePublished":"2025-12-30T20:18:46+00:00","dateModified":"2026-05-07T21:40:16+00:00","breadcrumb":{"@id":"https:\/\/harald.com.br\/es\/sobre-harald\/certificaciones\/#breadcrumb"},"inLanguage":"es","potentialAction":[{"@type":"ReadAction","target":["https:\/\/harald.com.br\/es\/sobre-harald\/certificaciones\/"]}]},{"@type":"ImageObject","inLanguage":"es","@id":"https:\/\/harald.com.br\/es\/sobre-harald\/certificaciones\/#primaryimage","url":"https:\/\/harald.com.br\/site-2026\/wp-content\/uploads\/2025\/07\/2025-17-07-14-47-33f4b6819a48d3e0a975c144e04f2c8474.png","contentUrl":"https:\/\/harald.com.br\/site-2026\/wp-content\/uploads\/2025\/07\/2025-17-07-14-47-33f4b6819a48d3e0a975c144e04f2c8474.png","width":960,"height":540,"caption":"Confeita Curitiba"},{"@type":"BreadcrumbList","@id":"https:\/\/harald.com.br\/es\/sobre-harald\/certificaciones\/#breadcrumb","itemListElement":[{"@type":"ListItem","position":1,"name":"In\u00edcio","item":"https:\/\/harald.com.br\/es\/inicio\/"},{"@type":"ListItem","position":2,"name":"Sobre Harald","item":"https:\/\/harald.com.br\/es\/sobre-harald\/"},{"@type":"ListItem","position":3,"name":"Certificaciones"}]},{"@type":"WebSite","@id":"https:\/\/harald.com.br\/#website","url":"https:\/\/harald.com.br\/","name":"Harald","description":"Fazer melhor \u00e9 fazer com paix\u00e3o","publisher":{"@id":"https:\/\/harald.com.br\/#organization"},"potentialAction":[{"@type":"SearchAction","target":{"@type":"EntryPoint","urlTemplate":"https:\/\/harald.com.br\/?s={search_term_string}"},"query-input":{"@type":"PropertyValueSpecification","valueRequired":true,"valueName":"search_term_string"}}],"inLanguage":"es"},{"@type":"Organization","@id":"https:\/\/harald.com.br\/#organization","name":"Harald","url":"https:\/\/harald.com.br\/","logo":{"@type":"ImageObject","inLanguage":"es","@id":"https:\/\/harald.com.br\/#\/schema\/logo\/image\/","url":"https:\/\/harald.com.br\/site-2026\/wp-content\/uploads\/2022\/09\/logo-harald-cmyk-ss.png","contentUrl":"https:\/\/harald.com.br\/site-2026\/wp-content\/uploads\/2022\/09\/logo-harald-cmyk-ss.png","width":1948,"height":1051,"caption":"Harald"},"image":{"@id":"https:\/\/harald.com.br\/#\/schema\/logo\/image\/"},"sameAs":["https:\/\/www.facebook.com\/HaraldChocolates\/","https:\/\/www.youtube.com\/user\/HaraldChocolates"]}]}},"uagb_featured_image_src":{"full":["https:\/\/harald.com.br\/site-2026\/wp-content\/uploads\/2025\/07\/2025-17-07-14-47-33f4b6819a48d3e0a975c144e04f2c8474.png",960,540,false],"thumbnail":["https:\/\/harald.com.br\/site-2026\/wp-content\/uploads\/2025\/07\/2025-17-07-14-47-33f4b6819a48d3e0a975c144e04f2c8474-150x150.png",150,150,true],"medium":["https:\/\/harald.com.br\/site-2026\/wp-content\/uploads\/2025\/07\/2025-17-07-14-47-33f4b6819a48d3e0a975c144e04f2c8474-300x169.png",300,169,true],"medium_large":["https:\/\/harald.com.br\/site-2026\/wp-content\/uploads\/2025\/07\/2025-17-07-14-47-33f4b6819a48d3e0a975c144e04f2c8474-768x432.png",768,432,true],"large":["https:\/\/harald.com.br\/site-2026\/wp-content\/uploads\/2025\/07\/2025-17-07-14-47-33f4b6819a48d3e0a975c144e04f2c8474.png",960,540,false],"1536x1536":["https:\/\/harald.com.br\/site-2026\/wp-content\/uploads\/2025\/07\/2025-17-07-14-47-33f4b6819a48d3e0a975c144e04f2c8474.png",960,540,false],"2048x2048":["https:\/\/harald.com.br\/site-2026\/wp-content\/uploads\/2025\/07\/2025-17-07-14-47-33f4b6819a48d3e0a975c144e04f2c8474.png",960,540,false],"full-width":["https:\/\/harald.com.br\/site-2026\/wp-content\/uploads\/2025\/07\/2025-17-07-14-47-33f4b6819a48d3e0a975c144e04f2c8474.png",960,540,false],"gform-image-choice-sm":["https:\/\/harald.com.br\/site-2026\/wp-content\/uploads\/2025\/07\/2025-17-07-14-47-33f4b6819a48d3e0a975c144e04f2c8474.png",300,169,false],"gform-image-choice-md":["https:\/\/harald.com.br\/site-2026\/wp-content\/uploads\/2025\/07\/2025-17-07-14-47-33f4b6819a48d3e0a975c144e04f2c8474.png",400,225,false],"gform-image-choice-lg":["https:\/\/harald.com.br\/site-2026\/wp-content\/uploads\/2025\/07\/2025-17-07-14-47-33f4b6819a48d3e0a975c144e04f2c8474.png",600,338,false]},"uagb_author_info":{"display_name":"CROWD","author_link":"https:\/\/harald.com.br\/es\/blog\/author\/crowd\/"},"uagb_comment_info":0,"uagb_excerpt":"Certificaciones de Sostenibilidad y Trazabilidad Harald cuenta con algunas de las certificaciones m\u00e1s relevantes e importantes de la industria, como Rainforest Alliance y RSPO (Roundtable on Sustainable Palm Oil), reforzando nuestro compromiso con la sostenibilidad en todas las etapas de nuestra cadena de suministro Certificaci\u00f3n Rainforest Alliance La certificaci\u00f3n Rainforest Alliance es un sello de&hellip;","_links":{"self":[{"href":"https:\/\/harald.com.br\/es\/wp-json\/wp\/v2\/pages\/344410","targetHints":{"allow":["GET"]}}],"collection":[{"href":"https:\/\/harald.com.br\/es\/wp-json\/wp\/v2\/pages"}],"about":[{"href":"https:\/\/harald.com.br\/es\/wp-json\/wp\/v2\/types\/page"}],"author":[{"embeddable":true,"href":"https:\/\/harald.com.br\/es\/wp-json\/wp\/v2\/users\/9"}],"replies":[{"embeddable":true,"href":"https:\/\/harald.com.br\/es\/wp-json\/wp\/v2\/comments?post=344410"}],"version-history":[{"count":1,"href":"https:\/\/harald.com.br\/es\/wp-json\/wp\/v2\/pages\/344410\/revisions"}],"predecessor-version":[{"id":344411,"href":"https:\/\/harald.com.br\/es\/wp-json\/wp\/v2\/pages\/344410\/revisions\/344411"}],"up":[{"embeddable":true,"href":"https:\/\/harald.com.br\/es\/wp-json\/wp\/v2\/pages\/35829"}],"wp:featuredmedia":[{"embeddable":true,"href":"https:\/\/harald.com.br\/es\/wp-json\/wp\/v2\/media\/320118"}],"wp:attachment":[{"href":"https:\/\/harald.com.br\/es\/wp-json\/wp\/v2\/media?parent=344410"}],"curies":[{"name":"wp","href":"https:\/\/api.w.org\/{rel}","templated":true}]}}