{"id":35821,"date":"2022-05-05T23:56:27","date_gmt":"2022-05-06T02:56:27","guid":{"rendered":"https:\/\/homolog.harald.com.br\/site-2026\/politica-de-privacidad\/"},"modified":"2022-11-25T13:46:59","modified_gmt":"2022-11-25T16:46:59","slug":"politica-de-privacidad","status":"publish","type":"page","link":"https:\/\/harald.com.br\/es\/politica-de-privacidad\/","title":{"rendered":"Pol\u00edtica de privacidad"},"content":{"rendered":"<p>Este sitio web se rige por la Pol\u00edtica de privacidad disponible a continuaci\u00f3n, cuyo objetivo es mantener un alto nivel de integridad para sus visitantes y\/o usuarios. Le pedimos que lea atentamente esta Pol\u00edtica, ya que para tener una experiencia completa y accesible en el sitio, deber\u00e1 conocerla. Si tiene preguntas sobre cualquier otra cuesti\u00f3n relacionada con el procesamiento de datos, comun\u00edquese con el responsable de Harald, llamado DPO, en la direcci\u00f3n de correo electr\u00f3nico: lgpd@harald.com.br.<\/p>\n","protected":false},"excerpt":{"rendered":"<p>Este sitio web se rige por la Pol\u00edtica de privacidad disponible a continuaci\u00f3n, cuyo objetivo es mantener un alto nivel de integridad para sus visitantes y\/o usuarios. Le pedimos que lea atentamente esta Pol\u00edtica, ya que para tener una experiencia completa y accesible en el sitio, deber\u00e1 conocerla. Si tiene preguntas sobre cualquier otra cuesti\u00f3n <a class=\"more-link\" href=\"https:\/\/harald.com.br\/es\/politica-de-privacidad\/\">Read more&#8230;<\/a><\/p>\n","protected":false},"author":1,"featured_media":0,"parent":0,"menu_order":0,"comment_status":"closed","ping_status":"open","template":"","meta":{"_acf_changed":false,"_uag_custom_page_level_css":"","footnotes":""},"class_list":["post-35821","page","type-page","status-publish","hentry"],"acf":[],"yoast_head":"<!-- This site is optimized with the Yoast SEO plugin v26.3 - https:\/\/yoast.com\/wordpress\/plugins\/seo\/ -->\n<title>Pol\u00edtica de privacidad - Harald<\/title>\n<meta name=\"robots\" content=\"index, follow, max-snippet:-1, max-image-preview:large, max-video-preview:-1\" \/>\n<link rel=\"canonical\" href=\"https:\/\/harald.com.br\/es\/politica-de-privacidad\/\" \/>\n<meta property=\"og:locale\" content=\"es_ES\" \/>\n<meta property=\"og:type\" content=\"article\" \/>\n<meta property=\"og:title\" content=\"Pol\u00edtica de privacidad - Harald\" \/>\n<meta property=\"og:description\" content=\"Este sitio web se rige por la Pol\u00edtica de privacidad disponible a continuaci\u00f3n, cuyo objetivo es mantener un alto nivel de integridad para sus visitantes y\/o usuarios. Le pedimos que lea atentamente esta Pol\u00edtica, ya que para tener una experiencia completa y accesible en el sitio, deber\u00e1 conocerla. Si tiene preguntas sobre cualquier otra cuesti\u00f3n Read more...\" \/>\n<meta property=\"og:url\" content=\"https:\/\/harald.com.br\/es\/politica-de-privacidad\/\" \/>\n<meta property=\"og:site_name\" content=\"Harald\" \/>\n<meta property=\"article:publisher\" content=\"https:\/\/www.facebook.com\/HaraldChocolates\/\" \/>\n<meta property=\"article:modified_time\" content=\"2022-11-25T16:46:59+00:00\" \/>\n<meta property=\"og:image\" content=\"https:\/\/harald.com.br\/site-2026\/wp-content\/uploads\/2022\/07\/banner-bg-12-m.png\" \/>\n\t<meta property=\"og:image:width\" content=\"1000\" \/>\n\t<meta property=\"og:image:height\" content=\"666\" \/>\n\t<meta property=\"og:image:type\" content=\"image\/png\" \/>\n<meta name=\"twitter:card\" content=\"summary_large_image\" \/>\n<meta name=\"twitter:label1\" content=\"Tiempo de lectura\" \/>\n\t<meta name=\"twitter:data1\" content=\"1 minuto\" \/>\n<script type=\"application\/ld+json\" class=\"yoast-schema-graph\">{\"@context\":\"https:\/\/schema.org\",\"@graph\":[{\"@type\":\"WebPage\",\"@id\":\"https:\/\/harald.com.br\/es\/politica-de-privacidad\/\",\"url\":\"https:\/\/harald.com.br\/es\/politica-de-privacidad\/\",\"name\":\"Pol\u00edtica de privacidad - Harald\",\"isPartOf\":{\"@id\":\"https:\/\/harald.com.br\/#website\"},\"datePublished\":\"2022-05-06T02:56:27+00:00\",\"dateModified\":\"2022-11-25T16:46:59+00:00\",\"breadcrumb\":{\"@id\":\"https:\/\/harald.com.br\/es\/politica-de-privacidad\/#breadcrumb\"},\"inLanguage\":\"es\",\"potentialAction\":[{\"@type\":\"ReadAction\",\"target\":[\"https:\/\/harald.com.br\/es\/politica-de-privacidad\/\"]}]},{\"@type\":\"BreadcrumbList\",\"@id\":\"https:\/\/harald.com.br\/es\/politica-de-privacidad\/#breadcrumb\",\"itemListElement\":[{\"@type\":\"ListItem\",\"position\":1,\"name\":\"In\u00edcio\",\"item\":\"https:\/\/harald.com.br\/\"},{\"@type\":\"ListItem\",\"position\":2,\"name\":\"Pol\u00edtica de privacidad\"}]},{\"@type\":\"WebSite\",\"@id\":\"https:\/\/harald.com.br\/#website\",\"url\":\"https:\/\/harald.com.br\/\",\"name\":\"Harald\",\"description\":\"Fazer melhor \u00e9 fazer com paix\u00e3o\",\"publisher\":{\"@id\":\"https:\/\/harald.com.br\/#organization\"},\"potentialAction\":[{\"@type\":\"SearchAction\",\"target\":{\"@type\":\"EntryPoint\",\"urlTemplate\":\"https:\/\/harald.com.br\/?s={search_term_string}\"},\"query-input\":{\"@type\":\"PropertyValueSpecification\",\"valueRequired\":true,\"valueName\":\"search_term_string\"}}],\"inLanguage\":\"es\"},{\"@type\":\"Organization\",\"@id\":\"https:\/\/harald.com.br\/#organization\",\"name\":\"Harald\",\"url\":\"https:\/\/harald.com.br\/\",\"logo\":{\"@type\":\"ImageObject\",\"inLanguage\":\"es\",\"@id\":\"https:\/\/harald.com.br\/#\/schema\/logo\/image\/\",\"url\":\"https:\/\/harald.com.br\/site-2026\/wp-content\/uploads\/2022\/09\/logo-harald-cmyk-ss.png\",\"contentUrl\":\"https:\/\/harald.com.br\/site-2026\/wp-content\/uploads\/2022\/09\/logo-harald-cmyk-ss.png\",\"width\":1948,\"height\":1051,\"caption\":\"Harald\"},\"image\":{\"@id\":\"https:\/\/harald.com.br\/#\/schema\/logo\/image\/\"},\"sameAs\":[\"https:\/\/www.facebook.com\/HaraldChocolates\/\",\"https:\/\/www.youtube.com\/user\/HaraldChocolates\"]}]}<\/script>\n<!-- \/ Yoast SEO plugin. -->","yoast_head_json":{"title":"Pol\u00edtica de privacidad - Harald","robots":{"index":"index","follow":"follow","max-snippet":"max-snippet:-1","max-image-preview":"max-image-preview:large","max-video-preview":"max-video-preview:-1"},"canonical":"https:\/\/harald.com.br\/es\/politica-de-privacidad\/","og_locale":"es_ES","og_type":"article","og_title":"Pol\u00edtica de privacidad - Harald","og_description":"Este sitio web se rige por la Pol\u00edtica de privacidad disponible a continuaci\u00f3n, cuyo objetivo es mantener un alto nivel de integridad para sus visitantes y\/o usuarios. Le pedimos que lea atentamente esta Pol\u00edtica, ya que para tener una experiencia completa y accesible en el sitio, deber\u00e1 conocerla. Si tiene preguntas sobre cualquier otra cuesti\u00f3n Read more...","og_url":"https:\/\/harald.com.br\/es\/politica-de-privacidad\/","og_site_name":"Harald","article_publisher":"https:\/\/www.facebook.com\/HaraldChocolates\/","article_modified_time":"2022-11-25T16:46:59+00:00","og_image":[{"width":1000,"height":666,"url":"https:\/\/harald.com.br\/site-2026\/wp-content\/uploads\/2022\/07\/banner-bg-12-m.png","type":"image\/png"}],"twitter_card":"summary_large_image","twitter_misc":{"Tiempo de lectura":"1 minuto"},"schema":{"@context":"https:\/\/schema.org","@graph":[{"@type":"WebPage","@id":"https:\/\/harald.com.br\/es\/politica-de-privacidad\/","url":"https:\/\/harald.com.br\/es\/politica-de-privacidad\/","name":"Pol\u00edtica de privacidad - Harald","isPartOf":{"@id":"https:\/\/harald.com.br\/#website"},"datePublished":"2022-05-06T02:56:27+00:00","dateModified":"2022-11-25T16:46:59+00:00","breadcrumb":{"@id":"https:\/\/harald.com.br\/es\/politica-de-privacidad\/#breadcrumb"},"inLanguage":"es","potentialAction":[{"@type":"ReadAction","target":["https:\/\/harald.com.br\/es\/politica-de-privacidad\/"]}]},{"@type":"BreadcrumbList","@id":"https:\/\/harald.com.br\/es\/politica-de-privacidad\/#breadcrumb","itemListElement":[{"@type":"ListItem","position":1,"name":"In\u00edcio","item":"https:\/\/harald.com.br\/"},{"@type":"ListItem","position":2,"name":"Pol\u00edtica de privacidad"}]},{"@type":"WebSite","@id":"https:\/\/harald.com.br\/#website","url":"https:\/\/harald.com.br\/","name":"Harald","description":"Fazer melhor \u00e9 fazer com paix\u00e3o","publisher":{"@id":"https:\/\/harald.com.br\/#organization"},"potentialAction":[{"@type":"SearchAction","target":{"@type":"EntryPoint","urlTemplate":"https:\/\/harald.com.br\/?s={search_term_string}"},"query-input":{"@type":"PropertyValueSpecification","valueRequired":true,"valueName":"search_term_string"}}],"inLanguage":"es"},{"@type":"Organization","@id":"https:\/\/harald.com.br\/#organization","name":"Harald","url":"https:\/\/harald.com.br\/","logo":{"@type":"ImageObject","inLanguage":"es","@id":"https:\/\/harald.com.br\/#\/schema\/logo\/image\/","url":"https:\/\/harald.com.br\/site-2026\/wp-content\/uploads\/2022\/09\/logo-harald-cmyk-ss.png","contentUrl":"https:\/\/harald.com.br\/site-2026\/wp-content\/uploads\/2022\/09\/logo-harald-cmyk-ss.png","width":1948,"height":1051,"caption":"Harald"},"image":{"@id":"https:\/\/harald.com.br\/#\/schema\/logo\/image\/"},"sameAs":["https:\/\/www.facebook.com\/HaraldChocolates\/","https:\/\/www.youtube.com\/user\/HaraldChocolates"]}]}},"uagb_featured_image_src":{"full":false,"thumbnail":false,"medium":false,"medium_large":false,"large":false,"1536x1536":false,"2048x2048":false,"full-width":false,"gform-image-choice-sm":false,"gform-image-choice-md":false,"gform-image-choice-lg":false},"uagb_author_info":{"display_name":"rafaelfndev","author_link":"https:\/\/harald.com.br\/es\/blog\/author\/rafaelfndev\/"},"uagb_comment_info":0,"uagb_excerpt":"Este sitio web se rige por la Pol\u00edtica de privacidad disponible a continuaci\u00f3n, cuyo objetivo es mantener un alto nivel de integridad para sus visitantes y\/o usuarios. Le pedimos que lea atentamente esta Pol\u00edtica, ya que para tener una experiencia completa y accesible en el sitio, deber\u00e1 conocerla. Si tiene preguntas sobre cualquier otra cuesti\u00f3n&hellip;","_links":{"self":[{"href":"https:\/\/harald.com.br\/es\/wp-json\/wp\/v2\/pages\/35821","targetHints":{"allow":["GET"]}}],"collection":[{"href":"https:\/\/harald.com.br\/es\/wp-json\/wp\/v2\/pages"}],"about":[{"href":"https:\/\/harald.com.br\/es\/wp-json\/wp\/v2\/types\/page"}],"author":[{"embeddable":true,"href":"https:\/\/harald.com.br\/es\/wp-json\/wp\/v2\/users\/1"}],"replies":[{"embeddable":true,"href":"https:\/\/harald.com.br\/es\/wp-json\/wp\/v2\/comments?post=35821"}],"version-history":[{"count":1,"href":"https:\/\/harald.com.br\/es\/wp-json\/wp\/v2\/pages\/35821\/revisions"}],"predecessor-version":[{"id":35823,"href":"https:\/\/harald.com.br\/es\/wp-json\/wp\/v2\/pages\/35821\/revisions\/35823"}],"wp:attachment":[{"href":"https:\/\/harald.com.br\/es\/wp-json\/wp\/v2\/media?parent=35821"}],"curies":[{"name":"wp","href":"https:\/\/api.w.org\/{rel}","templated":true}]}}